{"id":257322,"date":"2024-03-05T10:28:19","date_gmt":"2024-03-05T10:28:19","guid":{"rendered":"https:\/\/famarecapital.com\/?page_id=257322"},"modified":"2025-11-13T19:08:26","modified_gmt":"2025-11-13T19:08:26","slug":"conteudos","status":"publish","type":"page","link":"https:\/\/famarecapital.com\/en\/conteudos\/","title":{"rendered":"Insights"},"content":{"rendered":"<p>[et_pb_section fb_built=&#8221;1&#8243; _builder_version=&#8221;4.27.0&#8243; _module_preset=&#8221;default&#8221; background_color=&#8221;#F1EDEA&#8221; background_image=&#8221;https:\/\/famarecapital.com\/wp-content\/uploads\/2023\/09\/natureza_2-1.jpg&#8221; background_enable_video_mp4=&#8221;off&#8221; background_video_width=&#8221;100%&#8221; custom_padding=&#8221;||80px|||&#8221; filter_brightness=&#8221;102%&#8221; filter_contrast=&#8221;104%&#8221; animation_style=&#8221;fade&#8221; background_last_edited=&#8221;on|phone&#8221; background_enable_color_phone=&#8221;off&#8221; background_image_phone=&#8221;https:\/\/famarecapital.com\/wp-content\/uploads\/2023\/09\/natureza_2-1.jpg&#8221; background_enable_image_phone=&#8221;on&#8221; custom_css_main_element=&#8221;min-height: 85vh;||&#8221; locked=&#8221;off&#8221; global_colors_info=&#8221;{}&#8221; custom_css_main_element_last_edited=&#8221;on|phone&#8221; custom_css_main_element_tablet=&#8221;min-height: 100vh;||&#8221; custom_css_main_element_phone=&#8221;min-height: 850px;||&#8221;][et_pb_row use_custom_gutter=&#8221;on&#8221; make_equal=&#8221;on&#8221; _builder_version=&#8221;4.24.2&#8243; _module_preset=&#8221;default&#8221; custom_margin=&#8221;4.5%|auto||auto|false|false&#8221; custom_margin_tablet=&#8221;15.5%||||false|false&#8221; custom_margin_phone=&#8221;15%||||false|false&#8221; custom_margin_last_edited=&#8221;on|phone&#8221; global_colors_info=&#8221;{}&#8221;][et_pb_column type=&#8221;4_4&#8243; _builder_version=&#8221;4.24.2&#8243; _module_preset=&#8221;default&#8221; global_colors_info=&#8221;{}&#8221;][et_pb_text _builder_version=&#8221;4.25.2&#8243; _module_preset=&#8221;default&#8221; header_2_font=&#8221;Eiko Light||||||||&#8221; header_2_text_align=&#8221;left&#8221; header_2_text_color=&#8221;#FFFFFF&#8221; header_2_font_size=&#8221;67px&#8221; header_2_line_height=&#8221;68px&#8221; header_2_font_size_tablet=&#8221;67px&#8221; header_2_font_size_phone=&#8221;42px&#8221; header_2_font_size_last_edited=&#8221;on|tablet&#8221; header_2_line_height_tablet=&#8221;68px&#8221; header_2_line_height_phone=&#8221;50px&#8221; header_2_line_height_last_edited=&#8221;on|desktop&#8221; global_colors_info=&#8221;{}&#8221;]<\/p>\n<h2>Insights<\/h2>\n<p>[\/et_pb_text][et_pb_divider color=&#8221;#FFFFFF&#8221; divider_weight=&#8221;3px&#8221; _builder_version=&#8221;4.25.2&#8243; _module_preset=&#8221;default&#8221; width=&#8221;3%&#8221; global_colors_info=&#8221;{}&#8221;][\/et_pb_divider][et_pb_text _builder_version=&#8221;4.25.2&#8243; _module_preset=&#8221;default&#8221; text_font=&#8221;Switzer Extralight||||||||&#8221; text_text_color=&#8221;#FFFFFF&#8221; text_font_size=&#8221;24px&#8221; text_line_height=&#8221;28px&#8221; global_colors_info=&#8221;{}&#8221;]<\/p>\n<p><span>Explore our page to discover a library filled with reports, articles, and other documents featuring the results of our funds and insights into our purpose.<\/span><\/p>\n<p>[\/et_pb_text][\/et_pb_column][\/et_pb_row][\/et_pb_section][et_pb_section fb_built=&#8221;1&#8243; _builder_version=&#8221;4.25.2&#8243; _module_preset=&#8221;default&#8221; global_colors_info=&#8221;{}&#8221;][et_pb_row _builder_version=&#8221;4.24.0&#8243; _module_preset=&#8221;default&#8221; locked=&#8221;off&#8221; global_colors_info=&#8221;{}&#8221;][et_pb_column type=&#8221;4_4&#8243; _builder_version=&#8221;4.24.0&#8243; _module_preset=&#8221;default&#8221; global_colors_info=&#8221;{}&#8221;][et_pb_filterable_portfolio fullwidth=&#8221;off&#8221; posts_number=&#8221;20&#8243; include_categories=&#8221;10,15,9,17,19,20,16&#8243; show_pagination=&#8221;off&#8221; zoom_icon_color=&#8221;#FFFFFF&#8221; module_class=&#8221;lwp-col-portfolio &#8221; _builder_version=&#8221;4.27.0&#8243; _module_preset=&#8221;default&#8221; title_font=&#8221;Eiko Light||||||||&#8221; title_text_color=&#8221;#2C2C2C&#8221; title_font_size=&#8221;26px&#8221; title_line_height=&#8221;30px&#8221; filter_font=&#8221;Switzer Light||||||||&#8221; filter_text_color=&#8221;#056FEB&#8221; filter_font_size=&#8221;13px&#8221; filter_line_height=&#8221;1.9em&#8221; caption_font=&#8221;Switzer Light||||||||&#8221; caption_text_color=&#8221;#056FEB&#8221; text_orientation=&#8221;center&#8221; custom_margin=&#8221;2px||||false|false&#8221; custom_padding=&#8221;0px|0px|0px|0px|false|false&#8221; border_radii=&#8221;on|15px|15px|15px|15px&#8221; border_width_all=&#8221;1px&#8221; border_color_all=&#8221;#056FEB&#8221; global_colors_info=&#8221;{}&#8221;][\/et_pb_filterable_portfolio][\/et_pb_column][\/et_pb_row][\/et_pb_section][et_pb_section fb_built=&#8221;1&#8243; admin_label=&#8221;Se\u00e7\u00e3o&#8221; _builder_version=&#8221;4.22.1&#8243; _module_preset=&#8221;default&#8221; background_color=&#8221;#2c2c2c&#8221; border_width_top=&#8221;1px&#8221; border_color_top=&#8221;#FFFFFF&#8221; global_module=&#8221;257088&#8243; saved_tabs=&#8221;all&#8221; locked=&#8221;off&#8221; global_colors_info=&#8221;{}&#8221;][et_pb_row column_structure=&#8221;1_4,1_4,1_4,1_4&#8243; _builder_version=&#8221;4.26.0&#8243; _module_preset=&#8221;default&#8221; width_tablet=&#8221;80%&#8221; width_phone=&#8221;70%&#8221; width_last_edited=&#8221;on|tablet&#8221; module_alignment=&#8221;center&#8221; global_colors_info=&#8221;{}&#8221;][et_pb_column type=&#8221;1_4&#8243; _builder_version=&#8221;4.22.1&#8243; _module_preset=&#8221;default&#8221; global_colors_info=&#8221;{}&#8221;][et_pb_image src=&#8221;https:\/\/famarecapital.com\/wp-content\/uploads\/2023\/09\/simbolo_fama.svg&#8221; title_text=&#8221;si\u0301mbolo_fama&#8221; _builder_version=&#8221;4.26.0&#8243; _module_preset=&#8221;default&#8221; width=&#8221;30%&#8221; width_tablet=&#8221;50%&#8221; width_phone=&#8221;45%&#8221; width_last_edited=&#8221;on|tablet&#8221; module_alignment=&#8221;left&#8221; module_alignment_tablet=&#8221;left&#8221; module_alignment_phone=&#8221;left&#8221; module_alignment_last_edited=&#8221;on|tablet&#8221; global_colors_info=&#8221;{}&#8221;][\/et_pb_image][\/et_pb_column][et_pb_column type=&#8221;1_4&#8243; _builder_version=&#8221;4.22.1&#8243; _module_preset=&#8221;default&#8221; global_colors_info=&#8221;{}&#8221;][et_pb_text _builder_version=&#8221;4.22.1&#8243; _module_preset=&#8221;default&#8221; text_font=&#8221;Eiko Light||||||||&#8221; text_text_color=&#8221;#FFFFFF&#8221; text_line_height=&#8221;22px&#8221; header_3_font=&#8221;Eiko Medium||||||||&#8221; header_3_text_color=&#8221;#FFFFFF&#8221; header_3_font_size=&#8221;20px&#8221; custom_margin=&#8221;0px||0px||false|false&#8221; custom_padding=&#8221;||10px||false|false&#8221; global_colors_info=&#8221;{}&#8221;]<\/p>\n<h3>Headquarters<\/h3>\n<p>[\/et_pb_text][et_pb_text content_last_edited=&#8221;off|desktop&#8221; _builder_version=&#8221;4.24.2&#8243; _module_preset=&#8221;default&#8221; text_font=&#8221;Eiko Light||||||||&#8221; text_text_color=&#8221;#FFFFFF&#8221; text_line_height=&#8221;22px&#8221; custom_margin=&#8221;0px||0px||false|false&#8221; custom_padding=&#8221;||0px||false|false&#8221; global_colors_info=&#8221;{}&#8221; text_text_color__hover_enabled=&#8221;on|desktop&#8221; text_text_color__hover=&#8221;#FFFFFF&#8221;]<\/p>\n<p>Rua Olimp\u00edadas 134, conj. 42<br \/>Vila Ol\u00edmpia, S\u00e3o Paulo-SP<br \/>04551-000<\/p>\n<p>[\/et_pb_text][\/et_pb_column][et_pb_column type=&#8221;1_4&#8243; _builder_version=&#8221;4.22.1&#8243; _module_preset=&#8221;default&#8221; global_colors_info=&#8221;{}&#8221;][et_pb_text _builder_version=&#8221;4.22.1&#8243; _module_preset=&#8221;default&#8221; text_font=&#8221;Eiko Light||||||||&#8221; text_text_color=&#8221;#FFFFFF&#8221; text_line_height=&#8221;22px&#8221; header_3_font=&#8221;Eiko Medium||||||||&#8221; header_3_text_color=&#8221;#FFFFFF&#8221; header_3_font_size=&#8221;20px&#8221; custom_margin=&#8221;0px||0px||false|false&#8221; custom_padding=&#8221;||10px||false|false&#8221; global_colors_info=&#8221;{}&#8221;]<\/p>\n<h3>Contact us<\/h3>\n<p>[\/et_pb_text][et_pb_text _builder_version=&#8221;4.24.2&#8243; _module_preset=&#8221;default&#8221; text_font=&#8221;Eiko Light||||||||&#8221; text_text_color=&#8221;#FFFFFF&#8221; text_line_height=&#8221;22px&#8221; custom_margin=&#8221;0px||0px||false|false&#8221; custom_padding=&#8221;||0px||false|false&#8221; global_colors_info=&#8221;{}&#8221; text_text_color__hover_enabled=&#8221;on|desktop&#8221; text_text_color__hover=&#8221;#FFFFFF&#8221;]<\/p>\n<p><a href=\"mailto:contato@famarecapital.com\">contato@famarecapital.com<\/a><br \/>+55 11 5508 1188<\/p>\n<p>[\/et_pb_text][et_pb_social_media_follow _builder_version=&#8221;4.27.0&#8243; _module_preset=&#8221;default&#8221; custom_margin=&#8221;15px||||false|false&#8221; global_colors_info=&#8221;{}&#8221;][et_pb_social_media_follow_network social_network=&#8221;linkedin&#8221; url=&#8221;https:\/\/www.linkedin.com\/company\/fama-recapital\/&#8221; icon_color=&#8221;#FFFFFF&#8221; _builder_version=&#8221;4.27.0&#8243; _module_preset=&#8221;default&#8221; background_color=&#8221;RGBA(255,255,255,0)&#8221; background_enable_color=&#8221;on&#8221; custom_margin=&#8221;0px|0px|0px|0px|false|false&#8221; custom_padding=&#8221;0px|0px|0px|0px|false|false&#8221; global_colors_info=&#8221;{}&#8221; follow_button=&#8221;off&#8221; url_new_window=&#8221;on&#8221;]linkedin[\/et_pb_social_media_follow_network][et_pb_social_media_follow_network social_network=&#8221;instagram&#8221; url=&#8221;https:\/\/www.instagram.com\/famarecapital\/&#8221; _builder_version=&#8221;4.24.2&#8243; _module_preset=&#8221;default&#8221; background_color=&#8221;RGBA(255,255,255,0)&#8221; background_enable_color=&#8221;on&#8221; global_colors_info=&#8221;{}&#8221; follow_button=&#8221;off&#8221; url_new_window=&#8221;on&#8221;]instagram[\/et_pb_social_media_follow_network][\/et_pb_social_media_follow][\/et_pb_column][et_pb_column type=&#8221;1_4&#8243; _builder_version=&#8221;4.22.1&#8243; _module_preset=&#8221;default&#8221; global_colors_info=&#8221;{}&#8221;][et_pb_image src=&#8221;https:\/\/famarecapital.com\/wp-content\/uploads\/POR-B-Corp-Logo-Tagline-Lockup-Mudanc-a-de-Sistemas-White-RGB.png&#8221; title_text=&#8221;POR-B-Corp-Logo-Tagline-Lockup-Mudanc-a-de-Sistemas-White-RGB&#8221; _builder_version=&#8221;4.25.2&#8243; _module_preset=&#8221;default&#8221; global_colors_info=&#8221;{}&#8221;][\/et_pb_image][\/et_pb_column][\/et_pb_row][et_pb_row column_structure=&#8221;1_4,3_4&#8243; make_equal=&#8221;on&#8221; _builder_version=&#8221;4.25.2&#8243; _module_preset=&#8221;default&#8221; custom_margin=&#8221;||0px||false|false&#8221; custom_padding=&#8221;||0px||false|false&#8221; border_width_top=&#8221;1px&#8221; border_color_top=&#8221;#FFFFFF&#8221; global_colors_info=&#8221;{}&#8221;][et_pb_column type=&#8221;1_4&#8243; _builder_version=&#8221;4.25.2&#8243; _module_preset=&#8221;default&#8221; custom_css_main_element=&#8221;margin: auto;&#8221; global_colors_info=&#8221;{}&#8221;][et_pb_image src=&#8221;https:\/\/famarecapital.com\/wp-content\/uploads\/anbima_logotipos-1.svg&#8221; title_text=&#8221;anbima_logotipos&#8221; _builder_version=&#8221;4.27.0&#8243; _module_preset=&#8221;default&#8221; width=&#8221;55%&#8221; width_tablet=&#8221;35%&#8221; width_phone=&#8221;&#8221; width_last_edited=&#8221;on|tablet&#8221; module_alignment=&#8221;center&#8221; module_alignment_tablet=&#8221;left&#8221; module_alignment_phone=&#8221;center&#8221; module_alignment_last_edited=&#8221;on|desktop&#8221; global_colors_info=&#8221;{}&#8221;][\/et_pb_image][\/et_pb_column][et_pb_column type=&#8221;3_4&#8243; _builder_version=&#8221;4.25.2&#8243; _module_preset=&#8221;default&#8221; custom_css_main_element=&#8221;margin: auto;&#8221; global_colors_info=&#8221;{}&#8221;][et_pb_text _builder_version=&#8221;4.27.0&#8243; _module_preset=&#8221;default&#8221; text_font=&#8221;Switzer Light||||||||&#8221; text_text_color=&#8221;#FFFFFF&#8221; text_font_size=&#8221;12px&#8221; text_line_height=&#8221;18px&#8221; custom_padding_tablet=&#8221;35px||||false|false&#8221; custom_padding_phone=&#8221;20px||||false|false&#8221; custom_padding_last_edited=&#8221;on|phone&#8221; global_colors_info=&#8221;{}&#8221;]<\/p>\n<p style=\"text-align: justify;\">As informa\u00e7\u00f5es contidas no site s\u00e3o de car\u00e1ter exclusivamente informativo. \u00c9 fundamental a leitura do regulamento dos fundos antes de qualquer decis\u00e3o de investimento. Rentabilidade passada n\u00e3o \u00e9 garantia de rentabilidade futura. A rentabilidade divulgada n\u00e3o \u00e9 l\u00edquida de impostos. Nenhum fundo conta com garantia da institui\u00e7\u00e3o administradora, da gestora ou do Fundo Garantidor de Cr\u00e9ditos &#8211; FGC. Para obten\u00e7\u00e3o do Regulamento, Hist\u00f3rico de Performance, Prospecto, al\u00e9m de eventuais informa\u00e7\u00f5es adicionais, favor entrar em contato com a fama re.capital ou com a Administradora do fundo. Para avalia\u00e7\u00e3o de performance dos fundos de investimento, \u00e9 recomend\u00e1vel uma an\u00e1lise de per\u00edodo de, no m\u00ednimo, 12 meses.<\/p>\n<p>[\/et_pb_text][\/et_pb_column][\/et_pb_row][\/et_pb_section]<\/p>","protected":false},"excerpt":{"rendered":"<p>Conte\u00fadosExplore nossa p\u00e1gina para descobrir uma biblioteca repleta de relat\u00f3rios, artigos e outros documentos com resultados dos nossos fundos e insights sobre nosso prop\u00f3sito.Onde estamosRua Olimp\u00edadas 134, conj. 42Vila Ol\u00edmpia, S\u00e3o Paulo-SP04551-000Contatocontato@famarecapital.com+55 11 5508 1188As informa\u00e7\u00f5es contidas no site s\u00e3o de car\u00e1ter exclusivamente informativo. \u00c9 fundamental a leitura do regulamento dos fundos antes de qualquer [&hellip;]<\/p>","protected":false},"author":1,"featured_media":0,"parent":0,"menu_order":0,"comment_status":"closed","ping_status":"closed","template":"","meta":{"_et_pb_use_builder":"on","_et_pb_old_content":"","_et_gb_content_width":"","inline_featured_image":false,"footnotes":""},"class_list":["post-257322","page","type-page","status-publish","hentry"],"yoast_head":"<!-- This site is optimized with the Yoast SEO plugin v26.3 - https:\/\/yoast.com\/wordpress\/plugins\/seo\/ -->\n<title>Conte\u00fados | fama re.capital<\/title>\n<meta name=\"robots\" content=\"index, follow, max-snippet:-1, max-image-preview:large, max-video-preview:-1\" \/>\n<link rel=\"canonical\" href=\"https:\/\/famarecapital.com\/en\/conteudos\/\" \/>\n<meta property=\"og:locale\" content=\"en_US\" \/>\n<meta property=\"og:type\" content=\"article\" \/>\n<meta property=\"og:title\" content=\"Conte\u00fados | fama re.capital\" \/>\n<meta property=\"og:description\" content=\"Conte\u00fadosExplore nossa p\u00e1gina para descobrir uma biblioteca repleta de relat\u00f3rios, artigos e outros documentos com resultados dos nossos fundos e insights sobre nosso prop\u00f3sito.Onde estamosRua Olimp\u00edadas 134, conj. 42Vila Ol\u00edmpia, S\u00e3o Paulo-SP04551-000Contatocontato@famarecapital.com+55 11 5508 1188As informa\u00e7\u00f5es contidas no site s\u00e3o de car\u00e1ter exclusivamente informativo. \u00c9 fundamental a leitura do regulamento dos fundos antes de qualquer [&hellip;]\" \/>\n<meta property=\"og:url\" content=\"https:\/\/famarecapital.com\/en\/conteudos\/\" \/>\n<meta property=\"og:site_name\" content=\"fama re.capital\" \/>\n<meta property=\"article:modified_time\" content=\"2025-11-13T19:08:26+00:00\" \/>\n<meta property=\"og:image\" content=\"https:\/\/famarecapital.com\/wp-content\/uploads\/fama_recapital.png\" \/>\n\t<meta property=\"og:image:width\" content=\"1200\" \/>\n\t<meta property=\"og:image:height\" content=\"675\" \/>\n\t<meta property=\"og:image:type\" content=\"image\/png\" \/>\n<meta name=\"twitter:card\" content=\"summary_large_image\" \/>\n<meta name=\"twitter:label1\" content=\"Est. reading time\" \/>\n\t<meta name=\"twitter:data1\" content=\"7 minutes\" \/>\n<script type=\"application\/ld+json\" class=\"yoast-schema-graph\">{\"@context\":\"https:\/\/schema.org\",\"@graph\":[{\"@type\":\"WebPage\",\"@id\":\"https:\/\/famarecapital.com\/conteudos\/\",\"url\":\"https:\/\/famarecapital.com\/conteudos\/\",\"name\":\"Conte\u00fados | fama re.capital\",\"isPartOf\":{\"@id\":\"https:\/\/famarecapital.com\/#website\"},\"datePublished\":\"2024-03-05T10:28:19+00:00\",\"dateModified\":\"2025-11-13T19:08:26+00:00\",\"breadcrumb\":{\"@id\":\"https:\/\/famarecapital.com\/conteudos\/#breadcrumb\"},\"inLanguage\":\"en-US\",\"potentialAction\":[{\"@type\":\"ReadAction\",\"target\":[\"https:\/\/famarecapital.com\/conteudos\/\"]}]},{\"@type\":\"BreadcrumbList\",\"@id\":\"https:\/\/famarecapital.com\/conteudos\/#breadcrumb\",\"itemListElement\":[{\"@type\":\"ListItem\",\"position\":1,\"name\":\"Home\",\"item\":\"https:\/\/famarecapital.com\/\"},{\"@type\":\"ListItem\",\"position\":2,\"name\":\"Conte\u00fados\"}]},{\"@type\":\"WebSite\",\"@id\":\"https:\/\/famarecapital.com\/#website\",\"url\":\"https:\/\/famarecapital.com\/\",\"name\":\"fama re.capital\",\"description\":\"investing for change\",\"publisher\":{\"@id\":\"https:\/\/famarecapital.com\/#organization\"},\"alternateName\":\"fama re.capital\",\"potentialAction\":[{\"@type\":\"SearchAction\",\"target\":{\"@type\":\"EntryPoint\",\"urlTemplate\":\"https:\/\/famarecapital.com\/?s={search_term_string}\"},\"query-input\":{\"@type\":\"PropertyValueSpecification\",\"valueRequired\":true,\"valueName\":\"search_term_string\"}}],\"inLanguage\":\"en-US\"},{\"@type\":\"Organization\",\"@id\":\"https:\/\/famarecapital.com\/#organization\",\"name\":\"fama re.capital\",\"alternateName\":\"fama re.capital\",\"url\":\"https:\/\/famarecapital.com\/\",\"logo\":{\"@type\":\"ImageObject\",\"inLanguage\":\"en-US\",\"@id\":\"https:\/\/famarecapital.com\/#\/schema\/logo\/image\/\",\"url\":\"https:\/\/famarecapital.com\/wp-content\/uploads\/231006_famarecapital_1080x1080-01.png\",\"contentUrl\":\"https:\/\/famarecapital.com\/wp-content\/uploads\/231006_famarecapital_1080x1080-01.png\",\"width\":1080,\"height\":1080,\"caption\":\"fama re.capital\"},\"image\":{\"@id\":\"https:\/\/famarecapital.com\/#\/schema\/logo\/image\/\"},\"sameAs\":[\"https:\/\/www.linkedin.com\/company\/fama-recapital\/\"]}]}<\/script>\n<!-- \/ Yoast SEO plugin. -->","yoast_head_json":{"title":"Conte\u00fados | fama re.capital","robots":{"index":"index","follow":"follow","max-snippet":"max-snippet:-1","max-image-preview":"max-image-preview:large","max-video-preview":"max-video-preview:-1"},"canonical":"https:\/\/famarecapital.com\/en\/conteudos\/","og_locale":"en_US","og_type":"article","og_title":"Conte\u00fados | fama re.capital","og_description":"Conte\u00fadosExplore nossa p\u00e1gina para descobrir uma biblioteca repleta de relat\u00f3rios, artigos e outros documentos com resultados dos nossos fundos e insights sobre nosso prop\u00f3sito.Onde estamosRua Olimp\u00edadas 134, conj. 42Vila Ol\u00edmpia, S\u00e3o Paulo-SP04551-000Contatocontato@famarecapital.com+55 11 5508 1188As informa\u00e7\u00f5es contidas no site s\u00e3o de car\u00e1ter exclusivamente informativo. \u00c9 fundamental a leitura do regulamento dos fundos antes de qualquer [&hellip;]","og_url":"https:\/\/famarecapital.com\/en\/conteudos\/","og_site_name":"fama re.capital","article_modified_time":"2025-11-13T19:08:26+00:00","og_image":[{"width":1200,"height":675,"url":"https:\/\/famarecapital.com\/wp-content\/uploads\/fama_recapital.png","type":"image\/png"}],"twitter_card":"summary_large_image","twitter_misc":{"Est. reading time":"7 minutes"},"schema":{"@context":"https:\/\/schema.org","@graph":[{"@type":"WebPage","@id":"https:\/\/famarecapital.com\/conteudos\/","url":"https:\/\/famarecapital.com\/conteudos\/","name":"Conte\u00fados | fama re.capital","isPartOf":{"@id":"https:\/\/famarecapital.com\/#website"},"datePublished":"2024-03-05T10:28:19+00:00","dateModified":"2025-11-13T19:08:26+00:00","breadcrumb":{"@id":"https:\/\/famarecapital.com\/conteudos\/#breadcrumb"},"inLanguage":"en-US","potentialAction":[{"@type":"ReadAction","target":["https:\/\/famarecapital.com\/conteudos\/"]}]},{"@type":"BreadcrumbList","@id":"https:\/\/famarecapital.com\/conteudos\/#breadcrumb","itemListElement":[{"@type":"ListItem","position":1,"name":"Home","item":"https:\/\/famarecapital.com\/"},{"@type":"ListItem","position":2,"name":"Conte\u00fados"}]},{"@type":"WebSite","@id":"https:\/\/famarecapital.com\/#website","url":"https:\/\/famarecapital.com\/","name":"fama re.capital","description":"investing for change","publisher":{"@id":"https:\/\/famarecapital.com\/#organization"},"alternateName":"fama re.capital","potentialAction":[{"@type":"SearchAction","target":{"@type":"EntryPoint","urlTemplate":"https:\/\/famarecapital.com\/?s={search_term_string}"},"query-input":{"@type":"PropertyValueSpecification","valueRequired":true,"valueName":"search_term_string"}}],"inLanguage":"en-US"},{"@type":"Organization","@id":"https:\/\/famarecapital.com\/#organization","name":"fama re.capital","alternateName":"fama re.capital","url":"https:\/\/famarecapital.com\/","logo":{"@type":"ImageObject","inLanguage":"en-US","@id":"https:\/\/famarecapital.com\/#\/schema\/logo\/image\/","url":"https:\/\/famarecapital.com\/wp-content\/uploads\/231006_famarecapital_1080x1080-01.png","contentUrl":"https:\/\/famarecapital.com\/wp-content\/uploads\/231006_famarecapital_1080x1080-01.png","width":1080,"height":1080,"caption":"fama re.capital"},"image":{"@id":"https:\/\/famarecapital.com\/#\/schema\/logo\/image\/"},"sameAs":["https:\/\/www.linkedin.com\/company\/fama-recapital\/"]}]}},"_links":{"self":[{"href":"https:\/\/famarecapital.com\/en\/wp-json\/wp\/v2\/pages\/257322","targetHints":{"allow":["GET"]}}],"collection":[{"href":"https:\/\/famarecapital.com\/en\/wp-json\/wp\/v2\/pages"}],"about":[{"href":"https:\/\/famarecapital.com\/en\/wp-json\/wp\/v2\/types\/page"}],"author":[{"embeddable":true,"href":"https:\/\/famarecapital.com\/en\/wp-json\/wp\/v2\/users\/1"}],"replies":[{"embeddable":true,"href":"https:\/\/famarecapital.com\/en\/wp-json\/wp\/v2\/comments?post=257322"}],"version-history":[{"count":25,"href":"https:\/\/famarecapital.com\/en\/wp-json\/wp\/v2\/pages\/257322\/revisions"}],"predecessor-version":[{"id":259803,"href":"https:\/\/famarecapital.com\/en\/wp-json\/wp\/v2\/pages\/257322\/revisions\/259803"}],"wp:attachment":[{"href":"https:\/\/famarecapital.com\/en\/wp-json\/wp\/v2\/media?parent=257322"}],"curies":[{"name":"wp","href":"https:\/\/api.w.org\/{rel}","templated":true}]}}